{"id":13243,"date":"2021-06-03T07:43:51","date_gmt":"2021-06-03T07:43:51","guid":{"rendered":"https:\/\/car-wash.si\/?page_id=13243"},"modified":"2024-04-03T10:42:34","modified_gmt":"2024-04-03T10:42:34","slug":"podjetja","status":"publish","type":"page","link":"https:\/\/car-wash.si\/it\/podjetja\/","title":{"rendered":"Utenti aziendali"},"content":{"rendered":"<div class=\"wpb-content-wrapper\"><div class=\"vc_row wpb_row vc_row-fluid\"><div class=\"wpb_column vc_column_container vc_col-sm-12\"><div class=\"vc_column-inner\"><div class=\"wpb_wrapper\">\n\t<div class=\"wpb_text_column wpb_content_element\" >\n\t\t<div class=\"wpb_wrapper\">\n\t\t\t<h3>PER LE AZIENDE:<\/h3>\n<p>Molti aziende ci hanno gi\u00e0 affidato la cura del loro parco veicoli. La loro fedelt\u00e0 ci fa sapere che il nostro lavoro \u00e8 ben fatto e che crea benefici a lungo termine. Anche la vostra azienda desidera intraprendere il cammino di coloro che vedono nella regolare manutenzione del proprio parco veicoli pi\u00f9 di una semplice latta pulita all'apparenza?<\/p>\n<p>Contattateci. Siamo convinti che sarete soddisfatti dei nostri servizi. Per ulteriori informazioni e per ricevere un'offerta, inviateci la vostra richiesta tramite il modulo presente sulla pagina <strong><a href=\"https:\/\/car-wash.si\/it\/kontakt\/#kontakt\">Contatto<\/a><\/strong>, o tramite il numero di telefono <strong>+386 (68) 166 921<\/strong>.<\/p>\n<p>Alle aziende offriamo anche la possibilit\u00e0 di differire il pagamento (previa stipula di un contratto) una volta al mese, inviando una fattura per i servizi resi nel mese precedente. Su previo accordo, \u00e8 possibile anche assumere la manutenzione del parco veicoli per le aziende. Offriamo un ulteriore sconto per un numero maggiore di veicoli.<\/p>\n\n\t\t<\/div>\n\t<\/div>\n<\/div><\/div><\/div><\/div>\n<\/div>","protected":false},"excerpt":{"rendered":"ZA PODJETJA: Svoj vozni park nam je v nego zaupalo \u017ee mnogo podjetij. Njihova zvestoba nam daje vedeti, da delo opravljamo dobro in z njim ustvarjamo dolgoro\u010dne koristi. \u017deli tudi va\u0161e podjetje stopiti na pot tistih, ki v redni negi svojega voznega parka vidijo ve\u010d kot zgolj navidezno \u010disto plo\u010devino? Obrnite se na nas. Prepri\u010dani smo, da boste z na\u0161imi storitvami zadovoljni. Za dodatne informacije in ponudbo nam posredujte svoje povpra\u0161evanje preko obrazca na strani Kontakt, ali preko telefonske \u0161tevilke +386 (68) 166 921. Podjetjem tudi nudimo mo\u017enost odloga pla\u010dila (ob sklenjeni pogodbi) enkrat mese\u010dno z po\u0161iljanjem ra\u010duna za opravljene [...]","protected":false},"author":1,"featured_media":0,"parent":0,"menu_order":0,"comment_status":"closed","ping_status":"closed","template":"","meta":{"om_disable_all_campaigns":false,"_monsterinsights_skip_tracking":false,"_monsterinsights_sitenote_active":false,"_monsterinsights_sitenote_note":"","_monsterinsights_sitenote_category":0,"footnotes":""},"class_list":["post-13243","page","type-page","status-publish","hentry"],"aioseo_notices":[],"_links":{"self":[{"href":"https:\/\/car-wash.si\/it\/wp-json\/wp\/v2\/pages\/13243","targetHints":{"allow":["GET"]}}],"collection":[{"href":"https:\/\/car-wash.si\/it\/wp-json\/wp\/v2\/pages"}],"about":[{"href":"https:\/\/car-wash.si\/it\/wp-json\/wp\/v2\/types\/page"}],"author":[{"embeddable":true,"href":"https:\/\/car-wash.si\/it\/wp-json\/wp\/v2\/users\/1"}],"replies":[{"embeddable":true,"href":"https:\/\/car-wash.si\/it\/wp-json\/wp\/v2\/comments?post=13243"}],"version-history":[{"count":0,"href":"https:\/\/car-wash.si\/it\/wp-json\/wp\/v2\/pages\/13243\/revisions"}],"wp:attachment":[{"href":"https:\/\/car-wash.si\/it\/wp-json\/wp\/v2\/media?parent=13243"}],"curies":[{"name":"wp","href":"https:\/\/api.w.org\/{rel}","templated":true}]}}